{"id":14,"date":"2015-01-30T17:20:25","date_gmt":"2015-01-30T15:20:25","guid":{"rendered":"http:\/\/www.tererd.pub.ro\/?page_id=14"},"modified":"2021-06-10T09:18:26","modified_gmt":"2021-06-10T07:18:26","slug":"committees","status":"publish","type":"page","link":"http:\/\/www.tererd.pub.ro\/?page_id=14","title":{"rendered":"COMMITTEES"},"content":{"rendered":"<table>\n<tbody>\n<tr>\n<td style=\"width: 69.3103%;\" width=\"421\"><\/td>\n<td style=\"width: 29.3103%;\" width=\"177\"><\/td>\n<\/tr>\n<tr>\n<td style=\"width: 69.3103%;\" width=\"421\"><strong>International Scientific Committee<\/strong><\/td>\n<td style=\"width: 29.3103%;\" width=\"177\"><\/td>\n<\/tr>\n<tr>\n<td style=\"width: 69.3103%;\" width=\"421\"><\/td>\n<td style=\"width: 29.3103%;\" width=\"177\"><\/td>\n<\/tr>\n<tr>\n<td style=\"width: 69.3103%;\" width=\"420\">Alexandru Cernat<\/td>\n<td style=\"width: 29.3103%;\" width=\"177\">Romania<\/td>\n<\/tr>\n<tr>\n<td style=\"width: 69.3103%;\" width=\"420\">Alexandru Racovitza<\/td>\n<td style=\"width: 29.3103%;\" width=\"177\">Romania<\/td>\n<\/tr>\n<tr>\n<td style=\"width: 69.3103%;\" width=\"420\">Andrei Ceclan<\/td>\n<td style=\"width: 29.3103%;\" width=\"177\">Romania<\/td>\n<\/tr>\n<tr>\n<td style=\"width: 69.3103%;\" width=\"420\">Ancuta Nedelcu<\/td>\n<td style=\"width: 29.3103%;\" width=\"177\">Romania<\/td>\n<\/tr>\n<tr>\n<td style=\"width: 69.3103%;\" width=\"420\">Angel Terziev<\/td>\n<td style=\"width: 29.3103%;\" width=\"177\">Bulgaria<\/td>\n<\/tr>\n<tr>\n<td style=\"width: 69.3103%;\" width=\"420\">Anisoara Paun<\/td>\n<td style=\"width: 29.3103%;\" width=\"177\">Romania<\/td>\n<\/tr>\n<tr>\n<td style=\"width: 69.3103%;\" width=\"420\">Atanas Atanasov<\/td>\n<td style=\"width: 29.3103%;\" width=\"177\">Bulgaria<\/td>\n<\/tr>\n<tr>\n<td style=\"width: 69.3103%;\" width=\"420\">Bogdan Gramescu<\/td>\n<td style=\"width: 29.3103%;\" width=\"177\">Romania<\/td>\n<\/tr>\n<tr>\n<td style=\"width: 69.3103%;\" width=\"420\">Bogdan Popa<\/td>\n<td style=\"width: 29.3103%;\" width=\"177\">Romania<\/td>\n<\/tr>\n<tr>\n<td style=\"width: 69.3103%;\" width=\"420\">Boris Kostov<\/td>\n<td style=\"width: 29.3103%;\" width=\"177\">Bulgaria<\/td>\n<\/tr>\n<tr>\n<td style=\"width: 69.3103%;\" width=\"420\">Camelia Stanciu<\/td>\n<td style=\"width: 29.3103%;\" width=\"177\">Romania<\/td>\n<\/tr>\n<tr>\n<td style=\"width: 69.3103%;\" width=\"420\">Can Ertekin<\/td>\n<td style=\"width: 29.3103%;\" width=\"177\">Turkey<\/td>\n<\/tr>\n<tr>\n<td style=\"width: 69.3103%;\" width=\"420\">Carmen Anca Safta<\/td>\n<td style=\"width: 29.3103%;\" width=\"177\">Romania<\/td>\n<\/tr>\n<tr>\n<td style=\"width: 69.3103%;\" width=\"420\">Catalina Tudora<\/td>\n<td style=\"width: 29.3103%;\" width=\"177\">Romania<\/td>\n<\/tr>\n<tr>\n<td style=\"width: 69.3103%;\" width=\"420\">Catalin Dumitrescu<\/td>\n<td style=\"width: 29.3103%;\" width=\"177\">Romania<\/td>\n<\/tr>\n<tr>\n<td style=\"width: 69.3103%;\" width=\"420\">Constantin Ionescu<\/td>\n<td style=\"width: 29.3103%;\" width=\"177\">Romania<\/td>\n<\/tr>\n<tr>\n<td style=\"width: 69.3103%;\" width=\"420\">Cristian Iosifescu<\/td>\n<td style=\"width: 29.3103%;\" width=\"177\">Romania<\/td>\n<\/tr>\n<tr>\n<td style=\"width: 69.3103%;\" width=\"420\">Cristian Gabriel Alionte<\/td>\n<td style=\"width: 29.3103%;\" width=\"177\">Romania<\/td>\n<\/tr>\n<tr>\n<td style=\"width: 69.3103%;\" width=\"420\">Cristian Scurtu<\/td>\n<td style=\"width: 29.3103%;\" width=\"177\">Romania<\/td>\n<\/tr>\n<tr>\n<td style=\"width: 69.3103%;\" width=\"420\">Cristian Sorica<\/td>\n<td style=\"width: 29.3103%;\" width=\"177\">Romania<\/td>\n<\/tr>\n<tr>\n<td style=\"width: 69.3103%;\" width=\"420\">Cristina Covaliu<\/td>\n<td style=\"width: 29.3103%;\" width=\"177\">Romania<\/td>\n<\/tr>\n<tr>\n<td style=\"width: 69.3103%;\" width=\"420\">Despina Bordean<\/td>\n<td style=\"width: 29.3103%;\" width=\"177\">Romania<\/td>\n<\/tr>\n<tr>\n<td style=\"width: 69.3103%;\" width=\"420\">Dana Andreya Bondrea<\/td>\n<td style=\"width: 29.3103%;\" width=\"177\">Romania<\/td>\n<\/tr>\n<tr>\n<td style=\"width: 69.3103%;\" width=\"420\">Daniela Gogoase Nistoran<\/td>\n<td style=\"width: 29.3103%;\" width=\"177\">Romania<\/td>\n<\/tr>\n<tr>\n<td style=\"width: 69.3103%;\" width=\"420\">David Herak<\/td>\n<td style=\"width: 29.3103%;\" width=\"177\">Czech Republic<\/td>\n<\/tr>\n<tr>\n<td style=\"width: 69.3103%;\" width=\"420\">Despina Bordean<\/td>\n<td style=\"width: 29.3103%;\" width=\"177\">Romania<\/td>\n<\/tr>\n<tr>\n<td style=\"width: 69.3103%;\" width=\"420\">Dimitar Popov<\/td>\n<td style=\"width: 29.3103%;\" width=\"177\">Bulgaria<\/td>\n<\/tr>\n<tr>\n<td style=\"width: 69.3103%;\" width=\"420\">Dinu Fuiorescu<\/td>\n<td style=\"width: 29.3103%;\" width=\"177\">Romania<\/td>\n<\/tr>\n<tr>\n<td style=\"width: 69.3103%;\" width=\"420\">Dorin Stanciu<\/td>\n<td style=\"width: 29.3103%;\" width=\"177\">Romania<\/td>\n<\/tr>\n<tr>\n<td style=\"width: 69.3103%;\" width=\"420\">Dragos Manea<\/td>\n<td style=\"width: 29.3103%;\" width=\"177\">Romania<\/td>\n<\/tr>\n<tr>\n<td style=\"width: 69.3103%;\" width=\"420\">Dumitru Ilie<\/td>\n<td style=\"width: 29.3103%;\" width=\"177\">Romania<\/td>\n<\/tr>\n<tr>\n<td style=\"width: 69.3103%;\" width=\"420\">Edmond Maican<\/td>\n<td style=\"width: 29.3103%;\" width=\"177\">Romania<\/td>\n<\/tr>\n<tr>\n<td style=\"width: 69.3103%;\" width=\"420\">Eduard Minciuc<\/td>\n<td style=\"width: 29.3103%;\" width=\"177\">Romania<\/td>\n<\/tr>\n<tr>\n<td style=\"width: 69.3103%;\" width=\"420\">Elena Cristina Rada<\/td>\n<td style=\"width: 29.3103%;\" width=\"177\">Italy<\/td>\n<\/tr>\n<tr>\n<td style=\"width: 69.3103%;\" width=\"420\">Elena Mihaela Nagy<\/td>\n<td style=\"width: 29.3103%;\" width=\"177\">Romania<\/td>\n<\/tr>\n<tr>\n<td style=\"width: 69.3103%;\" width=\"420\">Elena Pop<\/td>\n<td style=\"width: 29.3103%;\" width=\"177\">Romania<\/td>\n<\/tr>\n<tr>\n<td style=\"width: 69.3103%;\" width=\"420\">Elena-Madalina Stefan<\/td>\n<td style=\"width: 29.3103%;\" width=\"177\">Romania<\/td>\n<\/tr>\n<tr>\n<td style=\"width: 69.3103%;\" width=\"420\">Emilia Cerna Mladin<\/td>\n<td style=\"width: 29.3103%;\" width=\"177\">Romania<\/td>\n<\/tr>\n<tr>\n<td style=\"width: 69.3103%;\" width=\"420\">Fanel-Viorel Panaitescu<\/td>\n<td style=\"width: 29.3103%;\" width=\"177\">Romania<\/td>\n<\/tr>\n<tr>\n<td style=\"width: 69.3103%;\" width=\"420\">Filip Ilie<\/td>\n<td style=\"width: 29.3103%;\" width=\"177\">Romania<\/td>\n<\/tr>\n<tr>\n<td style=\"width: 69.3103%;\" width=\"420\">Florin Nenciu<\/td>\n<td style=\"width: 29.3103%;\" width=\"177\">Romania<\/td>\n<\/tr>\n<tr>\n<td style=\"width: 69.3103%;\" width=\"420\">Gabriel Gheorghe<\/td>\n<td style=\"width: 29.3103%;\" width=\"177\">Romania<\/td>\n<\/tr>\n<tr>\n<td style=\"width: 69.3103%;\" width=\"420\">Gabriel Negreanu<\/td>\n<td style=\"width: 29.3103%;\" width=\"177\">Romania<\/td>\n<\/tr>\n<tr>\n<td style=\"width: 69.3103%;\" width=\"420\">Gencho Popov<\/td>\n<td style=\"width: 29.3103%;\" width=\"177\">Bulgaria<\/td>\n<\/tr>\n<tr>\n<td style=\"width: 69.3103%;\" width=\"420\">George Darie<\/td>\n<td style=\"width: 29.3103%;\" width=\"177\">Romania<\/td>\n<\/tr>\n<tr>\n<td style=\"width: 69.3103%;\" width=\"420\">George Ipate<\/td>\n<td style=\"width: 29.3103%;\" width=\"177\">Romania<\/td>\n<\/tr>\n<tr>\n<td style=\"width: 69.3103%;\" width=\"420\">Georgiana Moiceanu<\/td>\n<td style=\"width: 29.3103%;\" width=\"177\">Romania<\/td>\n<\/tr>\n<tr>\n<td style=\"width: 69.3103%;\" width=\"420\">Gheorghe Lazaroiu<\/td>\n<td style=\"width: 29.3103%;\" width=\"177\">Romania<\/td>\n<\/tr>\n<tr>\n<td style=\"width: 69.3103%;\" width=\"420\">Gheorghe Matei<\/td>\n<td style=\"width: 29.3103%;\" width=\"177\">Romania<\/td>\n<\/tr>\n<tr>\n<td style=\"width: 69.3103%;\" width=\"420\">Gheorghe Voicu<\/td>\n<td style=\"width: 29.3103%;\" width=\"177\">Romania<\/td>\n<\/tr>\n<tr>\n<td style=\"width: 69.3103%;\" width=\"420\">Gigel Paraschiv<\/td>\n<td style=\"width: 29.3103%;\" width=\"177\">Romania<\/td>\n<\/tr>\n<tr>\n<td style=\"width: 69.3103%;\" width=\"420\">Horatiu Pop<\/td>\n<td style=\"width: 29.3103%;\" width=\"177\">Romania<\/td>\n<\/tr>\n<tr>\n<td style=\"width: 69.3103%;\" width=\"420\">Iliya Iliev<\/td>\n<td style=\"width: 29.3103%;\" width=\"177\">Bulgaria<\/td>\n<\/tr>\n<tr>\n<td style=\"width: 69.3103%;\" width=\"420\">Ioan Bitir-Istrate<\/td>\n<td style=\"width: 29.3103%;\" width=\"177\">Romania<\/td>\n<\/tr>\n<tr>\n<td style=\"width: 69.3103%;\" width=\"420\">Ion Ion<\/td>\n<td style=\"width: 29.3103%;\" width=\"177\">Romania<\/td>\n<\/tr>\n<tr>\n<td style=\"width: 69.3103%;\" width=\"420\">Ion Oprea<\/td>\n<td style=\"width: 29.3103%;\" width=\"177\">Romania<\/td>\n<\/tr>\n<tr>\n<td style=\"width: 69.3103%;\" width=\"420\">Ion Tristiu<\/td>\n<td style=\"width: 29.3103%;\" width=\"177\">Romania<\/td>\n<\/tr>\n<tr>\n<td style=\"width: 69.3103%;\" width=\"420\">Ionel Pisa<\/td>\n<td style=\"width: 29.3103%;\" width=\"177\">Romania<\/td>\n<\/tr>\n<tr>\n<td style=\"width: 69.3103%;\" width=\"420\">Irina-Aura Istrate<\/td>\n<td style=\"width: 29.3103%;\" width=\"177\">Romania<\/td>\n<\/tr>\n<tr>\n<td style=\"width: 69.3103%;\" width=\"420\">Iuliana Gageanu<\/td>\n<td style=\"width: 29.3103%;\" width=\"177\">Romania<\/td>\n<\/tr>\n<tr>\n<td style=\"width: 69.3103%;\" width=\"420\">Iulian Dutu<\/td>\n<td style=\"width: 29.3103%;\" width=\"177\">Romania<\/td>\n<\/tr>\n<tr>\n<td style=\"width: 69.3103%;\" width=\"420\">Iulian Florin Voicea<\/td>\n<td style=\"width: 29.3103%;\" width=\"177\">Romania<\/td>\n<\/tr>\n<tr>\n<td style=\"width: 69.3103%;\" width=\"420\">Kemal Selvi<\/td>\n<td style=\"width: 29.3103%;\" width=\"177\">Turkey<\/td>\n<\/tr>\n<tr>\n<td style=\"width: 69.3103%;\" width=\"420\">Kliment Klimentov<\/td>\n<td style=\"width: 29.3103%;\" width=\"177\">Bulgaria<\/td>\n<\/tr>\n<tr>\n<td style=\"width: 69.3103%;\" width=\"420\">Krisztina Uzuneanu<\/td>\n<td style=\"width: 29.3103%;\" width=\"177\">Romania<\/td>\n<\/tr>\n<tr>\n<td style=\"width: 69.3103%;\" width=\"420\">Lazar Savin<\/td>\n<td style=\"width: 29.3103%;\" width=\"177\">Serbia<\/td>\n<\/tr>\n<tr>\n<td style=\"width: 69.3103%;\" width=\"420\">Lucian Mandrea<\/td>\n<td style=\"width: 29.3103%;\" width=\"177\">Romania<\/td>\n<\/tr>\n<tr>\n<td style=\"width: 69.3103%;\" width=\"420\">Lorena Diana Popa<\/td>\n<td style=\"width: 29.3103%;\" width=\"177\">Romania<\/td>\n<\/tr>\n<tr>\n<td style=\"width: 69.3103%;\" width=\"420\">Lucian Fechete<\/td>\n<td style=\"width: 29.3103%;\" width=\"177\">Romania<\/td>\n<\/tr>\n<tr>\n<td style=\"width: 69.3103%;\" width=\"420\">Lucian Mihaescu<\/td>\n<td style=\"width: 29.3103%;\" width=\"177\">Romania<\/td>\n<\/tr>\n<tr>\n<td style=\"width: 69.3103%;\" width=\"420\">Lucretia Popa<\/td>\n<td style=\"width: 29.3103%;\" width=\"177\">Romania<\/td>\n<\/tr>\n<tr>\n<td style=\"width: 69.3103%;\" width=\"420\">Madalina Xenia Calbureanu<\/td>\n<td style=\"width: 29.3103%;\" width=\"177\">Romania<\/td>\n<\/tr>\n<tr>\n<td style=\"width: 69.3103%;\" width=\"420\">Mariana Panaitescu<\/td>\n<td style=\"width: 29.3103%;\" width=\"177\">Romania<\/td>\n<\/tr>\n<tr>\n<td style=\"width: 69.3103%;\" width=\"420\">Martin Ivanov<\/td>\n<td style=\"width: 29.3103%;\" width=\"177\">Bulgaria<\/td>\n<\/tr>\n<tr>\n<td style=\"width: 69.3103%;\" width=\"420\">Messaoud Hazmoune<\/td>\n<td style=\"width: 29.3103%;\" width=\"177\">France<\/td>\n<\/tr>\n<tr>\n<td style=\"width: 69.3103%;\" width=\"420\">Mihaela Dutu<\/td>\n<td style=\"width: 29.3103%;\" width=\"177\">Romania<\/td>\n<\/tr>\n<tr>\n<td style=\"width: 69.3103%;\" width=\"420\">Mihai Gabriel Matache<\/td>\n<td style=\"width: 29.3103%;\" width=\"177\">Romania<\/td>\n<\/tr>\n<tr>\n<td style=\"width: 69.3103%;\" width=\"420\">Mihai Olan<\/td>\n<td style=\"width: 29.3103%;\" width=\"177\">Romania<\/td>\n<\/tr>\n<tr>\n<td style=\"width: 69.3103%;\" width=\"420\">Mihai Sanduleac<\/td>\n<td style=\"width: 29.3103%;\" width=\"177\">Romania<\/td>\n<\/tr>\n<tr>\n<td style=\"width: 69.3103%;\" width=\"420\">Mircea Scripcariu<\/td>\n<td style=\"width: 29.3103%;\" width=\"177\">Romania<\/td>\n<\/tr>\n<tr>\n<td style=\"width: 69.3103%;\" width=\"420\">Mirela Dinca<\/td>\n<td style=\"width: 29.3103%;\" width=\"177\">Romania<\/td>\n<\/tr>\n<tr>\n<td style=\"width: 69.3103%;\" width=\"420\">Mohand Tazerout<\/td>\n<td style=\"width: 29.3103%;\" width=\"177\">France<\/td>\n<\/tr>\n<tr>\n<td style=\"width: 69.3103%;\" width=\"420\">Mugur Balan<\/td>\n<td style=\"width: 29.3103%;\" width=\"177\">Romania<\/td>\n<\/tr>\n<tr>\n<td style=\"width: 69.3103%;\" width=\"420\">Nicoleta Ungureanu<\/td>\n<td style=\"width: 29.3103%;\" width=\"177\">Romania<\/td>\n<\/tr>\n<tr>\n<td style=\"width: 69.3103%;\" width=\"420\">Nina Penkova<\/td>\n<td style=\"width: 29.3103%;\" width=\"177\">Bulgaria<\/td>\n<\/tr>\n<tr>\n<td style=\"width: 69.3103%;\" width=\"420\">Onder Kabas<\/td>\n<td style=\"width: 29.3103%;\" width=\"177\">Turkey<\/td>\n<\/tr>\n<tr>\n<td style=\"width: 69.3103%;\" width=\"420\">Paul Gageanu<\/td>\n<td style=\"width: 29.3103%;\" width=\"177\">Romania<\/td>\n<\/tr>\n<tr>\n<td style=\"width: 69.3103%;\" width=\"420\">Penka Zlateva<\/td>\n<td style=\"width: 29.3103%;\" width=\"177\">Bulgaria<\/td>\n<\/tr>\n<tr>\n<td style=\"width: 69.3103%;\" width=\"420\">Petre Carlescu<\/td>\n<td style=\"width: 29.3103%;\" width=\"177\">Romania<\/td>\n<\/tr>\n<tr>\n<td style=\"width: 69.3103%;\" width=\"420\">Petru Cardei<\/td>\n<td style=\"width: 29.3103%;\" width=\"177\">Romania<\/td>\n<\/tr>\n<tr>\n<td style=\"width: 69.3103%;\" width=\"420\">Plamen Manev<\/td>\n<td style=\"width: 29.3103%;\" width=\"177\">Bulgaria<\/td>\n<\/tr>\n<tr>\n<td style=\"width: 69.3103%;\" width=\"420\">Radu Chiriac<\/td>\n<td style=\"width: 29.3103%;\" width=\"177\">Romania<\/td>\n<\/tr>\n<tr>\n<td style=\"width: 69.3103%;\" width=\"420\">Razvan Carlanescu<\/td>\n<td style=\"width: 29.3103%;\" width=\"177\">Romania<\/td>\n<\/tr>\n<tr>\n<td style=\"width: 69.3103%;\" width=\"420\">Roberto Cipollone<\/td>\n<td style=\"width: 29.3103%;\" width=\"177\">Italy<\/td>\n<\/tr>\n<tr>\n<td style=\"width: 69.3103%;\" width=\"420\">Sanda-Carmen Georgescu<\/td>\n<td style=\"width: 29.3103%;\" width=\"177\">Romania<\/td>\n<\/tr>\n<tr>\n<td style=\"width: 69.3103%;\" width=\"420\">Sebastian Werle<\/td>\n<td style=\"width: 29.3103%;\" width=\"177\">Poland<\/td>\n<\/tr>\n<tr>\n<td style=\"width: 69.3103%;\" width=\"420\">Semen Dragnev<\/td>\n<td style=\"width: 29.3103%;\" width=\"177\">Ukraine<\/td>\n<\/tr>\n<tr>\n<td style=\"width: 69.3103%;\" width=\"420\">Simona Paraschiv<\/td>\n<td style=\"width: 29.3103%;\" width=\"177\">Romania<\/td>\n<\/tr>\n<tr>\n<td style=\"width: 69.3103%;\" width=\"420\">Sorin Boruz<\/td>\n<td style=\"width: 29.3103%;\" width=\"177\">Romania<\/td>\n<\/tr>\n<tr>\n<td style=\"width: 69.3103%;\" width=\"420\">Sorin Bungescu<\/td>\n<td style=\"width: 29.3103%;\" width=\"177\">Romania<\/td>\n<\/tr>\n<tr>\n<td style=\"width: 69.3103%;\" width=\"420\">Spiru Paraschiv<\/td>\n<td style=\"width: 29.3103%;\" width=\"177\">Romania<\/td>\n<\/tr>\n<tr>\n<td style=\"width: 69.3103%;\" width=\"420\">Sorin-Stefan Biris<\/td>\n<td style=\"width: 29.3103%;\" width=\"177\">Romania<\/td>\n<\/tr>\n<tr>\n<td style=\"width: 69.3103%;\" width=\"420\">Tomasz \u017belalinski<\/td>\n<td style=\"width: 29.3103%;\" width=\"177\">Poland<\/td>\n<\/tr>\n<tr>\n<td style=\"width: 69.3103%;\" width=\"420\">Tudor Prisecaru<\/td>\n<td style=\"width: 29.3103%;\" width=\"177\">Romania<\/td>\n<\/tr>\n<tr>\n<td style=\"width: 69.3103%;\" width=\"420\">Valentin Vladut<\/td>\n<td style=\"width: 29.3103%;\" width=\"177\">Romania<\/td>\n<\/tr>\n<tr>\n<td style=\"width: 69.3103%;\" width=\"420\">Valerian Cerempei<\/td>\n<td style=\"width: 29.3103%;\" width=\"177\">Moldova<\/td>\n<\/tr>\n<tr>\n<td style=\"width: 69.3103%;\" width=\"420\">Vergil Muraru<\/td>\n<td style=\"width: 29.3103%;\" width=\"177\">Romania<\/td>\n<\/tr>\n<tr>\n<td style=\"width: 69.3103%;\" width=\"420\">Victor-Eduard Cenusa<\/td>\n<td style=\"width: 29.3103%;\" width=\"177\">Romania<\/td>\n<\/tr>\n<tr>\n<td style=\"width: 69.3103%;\" width=\"420\">Victor-Viorel Safta<\/td>\n<td style=\"width: 29.3103%;\" width=\"177\">Romania<\/td>\n<\/tr>\n<tr>\n<td style=\"width: 69.3103%;\" width=\"420\">Violeta Rasheva<\/td>\n<td style=\"width: 29.3103%;\" width=\"177\">Bulgaria<\/td>\n<\/tr>\n<tr>\n<td style=\"width: 69.3103%;\" width=\"420\">Viorel Badescu<\/td>\n<td style=\"width: 29.3103%;\" width=\"177\">Romania<\/td>\n<\/tr>\n<tr>\n<td style=\"width: 69.3103%;\" width=\"420\">Vitalii Zubenko<\/td>\n<td style=\"width: 29.3103%;\" width=\"177\">Ukraine<\/td>\n<\/tr>\n<tr>\n<td style=\"width: 69.3103%;\" width=\"420\">Vladimir Tanasiev<\/td>\n<td style=\"width: 29.3103%;\" width=\"177\">Romania<\/td>\n<\/tr>\n<tr>\n<td style=\"width: 69.3103%;\" width=\"420\">Zhivko Kolev<\/td>\n<td style=\"width: 29.3103%;\" width=\"177\">Bulgaria<\/td>\n<\/tr>\n<\/tbody>\n<\/table>\n<table width=\"603\">\n<tbody>\n<tr>\n<td width=\"420\"><strong>Organizing Committee<\/strong><\/td>\n<td width=\"177\"><\/td>\n<\/tr>\n<tr>\n<td width=\"420\"><strong>Chairman<\/strong><\/td>\n<td width=\"177\"><\/td>\n<\/tr>\n<tr>\n<td width=\"420\">Lucian MIH\u0102ESCU<\/td>\n<td width=\"177\">ROM\u00c2NIA<\/td>\n<\/tr>\n<tr>\n<td width=\"420\"><strong>Co-Chairmen<\/strong><\/td>\n<td width=\"177\"><\/td>\n<\/tr>\n<tr>\n<td width=\"420\">Sorin-\u0218tefan BIRI\u0218<\/td>\n<td width=\"177\">ROM\u00c2NIA<\/td>\n<\/tr>\n<tr>\n<td width=\"420\">Gabriel NEGREANU<\/td>\n<td width=\"177\">ROM\u00c2NIA<\/td>\n<\/tr>\n<tr>\n<td width=\"420\">Valentin VL\u0102DU\u021a<\/td>\n<td width=\"177\">ROM\u00c2NIA<\/td>\n<\/tr>\n<\/tbody>\n<\/table>\n<table style=\"width: 100%; height: 264px;\" width=\"604\">\n<tbody>\n<tr>\n<td><strong>Members<\/strong><\/td>\n<td><\/td>\n<\/tr>\n<tr>\n<td>Cristian Gabriel Alionte<\/td>\n<td>ROM\u00c2NIA<\/td>\n<\/tr>\n<tr>\n<td>Valentin Apostol<\/td>\n<td>ROM\u00c2NIA<\/td>\n<\/tr>\n<tr>\n<td>Viorel Berbece<\/td>\n<td>ROM\u00c2NIA<\/td>\n<\/tr>\n<tr>\n<td>Iuliana Gageanu<\/td>\n<td>ROM\u00c2NIA<\/td>\n<\/tr>\n<tr>\n<td>Oana Cristea<\/td>\n<td>ROM\u00c2NIA<\/td>\n<\/tr>\n<tr>\n<td>Mihaela Dutu<\/td>\n<td>ROM\u00c2NIA<\/td>\n<\/tr>\n<tr>\n<td>Iulian Dutu<\/td>\n<td>ROM\u00c2NIA<\/td>\n<\/tr>\n<tr>\n<td>Mihai Constantinescu<\/td>\n<td>ROM\u00c2NIA<\/td>\n<\/tr>\n<tr>\n<td>Elena Pop<\/td>\n<td>ROM\u00c2NIA<\/td>\n<\/tr>\n<tr>\n<td>Cosmin Toma<\/td>\n<td>ROM\u00c2NIA<\/td>\n<\/tr>\n<\/tbody>\n<\/table>\n<table width=\"601\">\n<tbody>\n<tr>\n<td width=\"420\"><strong>Secretary<\/strong><\/td>\n<td width=\"175\"><\/td>\n<\/tr>\n<tr>\n<td width=\"420\">Cristina Ciobanu<\/td>\n<td width=\"175\">ROM\u00c2NIA<\/td>\n<\/tr>\n<tr>\n<td width=\"420\">Ana-Maria T\u0103b\u0103ra\u015fu<\/td>\n<td width=\"175\">ROM\u00c2NIA<\/td>\n<\/tr>\n<\/tbody>\n<\/table>\n","protected":false},"excerpt":{"rendered":"<p>International Scientific Committee Alexandru Cernat Romania Alexandru Racovitza Romania Andrei Ceclan Romania Ancuta Nedelcu Romania Angel Terziev Bulgaria Anisoara Paun Romania Atanas Atanasov Bulgaria Bogdan Gramescu Romania Bogdan Popa Romania Boris Kostov Bulgaria Camelia Stanciu Romania Can Ertekin Turkey Carmen&hellip; <\/p>\n","protected":false},"author":1,"featured_media":0,"parent":0,"menu_order":0,"comment_status":"closed","ping_status":"open","template":"","meta":[],"_links":{"self":[{"href":"http:\/\/www.tererd.pub.ro\/index.php?rest_route=\/wp\/v2\/pages\/14"}],"collection":[{"href":"http:\/\/www.tererd.pub.ro\/index.php?rest_route=\/wp\/v2\/pages"}],"about":[{"href":"http:\/\/www.tererd.pub.ro\/index.php?rest_route=\/wp\/v2\/types\/page"}],"author":[{"embeddable":true,"href":"http:\/\/www.tererd.pub.ro\/index.php?rest_route=\/wp\/v2\/users\/1"}],"replies":[{"embeddable":true,"href":"http:\/\/www.tererd.pub.ro\/index.php?rest_route=%2Fwp%2Fv2%2Fcomments&post=14"}],"version-history":[{"count":70,"href":"http:\/\/www.tererd.pub.ro\/index.php?rest_route=\/wp\/v2\/pages\/14\/revisions"}],"predecessor-version":[{"id":776,"href":"http:\/\/www.tererd.pub.ro\/index.php?rest_route=\/wp\/v2\/pages\/14\/revisions\/776"}],"wp:attachment":[{"href":"http:\/\/www.tererd.pub.ro\/index.php?rest_route=%2Fwp%2Fv2%2Fmedia&parent=14"}],"curies":[{"name":"wp","href":"https:\/\/api.w.org\/{rel}","templated":true}]}}